{"id":4,"date":"2013-12-02T12:36:11","date_gmt":"2013-12-02T10:36:11","guid":{"rendered":"http:\/\/www.xovibot.net\/?page_id=4"},"modified":"2014-06-30T10:47:42","modified_gmt":"2014-06-30T08:47:42","slug":"home","status":"publish","type":"page","link":"https:\/\/www.xovibot.net\/","title":{"rendered":"XoviBot &#8211; FAQ"},"content":{"rendered":"<div style=\"height:100%; width:47%; float:left; padding-right:30px; vertical-align:top; border-right:1px solid #8D8D8D;\"><img decoding=\"async\" src=\"http:\/\/www.xovibot.net\/wp-content\/uploads\/2013\/12\/de.png\" alt=\"deutsch\" style=\"margin-bottom:4px;\" \/><br \/>\n<strong>Hier finden Sie einige der am h\u00e4ufigsten gestellten Fragen zum XoviBot<\/strong><\/p>\n<h2>Beachtet der XoviBot den Inhalt meiner Datei robots.txt?<\/h2>\n<p style=\"margin-top:-10px; margin-bottom:-4px;\">Selbstverst\u00e4ndlich h\u00e4lt sich der XoviBot an den robots.txt Standard und beachtet dabei die Eintr\u00e4ge in der Datei robots.txt. Wenn Sie den XoviBot blockieren wollen, nutzen Sie bitte folgenden Eintrag in der robots.txt:<\/p>\n<blockquote style=\"margin-bottom:-4px;\"><p>User-agent: XoviBot<br \/>\nDisallow: \/ <\/p><\/blockquote>\n<p>Bitte teilen Sie uns auch mit, wenn Sie der Ansicht sind, das diese Anweisung von unserem Bot ignoriert wird.<br \/>\nM\u00f6gliche Ursachen hierf\u00fcr k\u00f6nnen sein: die Datei robots.txt liegt in einem Verzeichnis au\u00dferhalb der eigentlichen Website, verschiedene Domains laufen auf ein- und demselben Server o.\u00e4.<\/p>\n<h2>Wie kann ich die Crawl-Geschwindigkeit herabsetzen?<\/h2>\n<p style=\"margin-top:-10px; margin-bottom:-4px;\">Sie k\u00f6nnen eine Crawl-Verz\u00f6gerung von bis zu 20 Sekunden einrichten (h\u00f6here Werte werden dann bis zur von unserem Bot unterst\u00fctzten maximalen Verz\u00f6gerung abgerundet). Erg\u00e4nzen Sie dazu Ihre Datei robots.txt bitte um folgenden Eintrag:<\/p>\n<blockquote style=\"margin-bottom:-4px;\"><p>User-Agent: XoviBot<br \/>\nCrawl-Delay: 5<\/p><\/blockquote>\n<p>Crawl-Delay sollte eine ganze Zahl sein (diese gibt an, wie viele Sekunden Wartezeit zwischen den Anfragen liegen). Es ist zwar unwahrscheinlich, aber durchaus m\u00f6glich, dass Ihre Website von mehreren unserer Bots zur gleichen Zeit gecrawlt wird. Die Einstellung einer hohen Crawl-Verz\u00f6gerung sollte negative Auswirkungen auf Ihre Website minimieren. Die Crawl-Verz\u00f6gerung wird auch aktiv, wenn f\u00fcr die User-Agent-Angabe die Platzhalter * verwendet wurden.<\/p>\n<p><strong>Haben Sie weitere Fragen? Hier unsere E-Mail-Adresse f\u00fcr alle Anfragen bez\u00fcglich des XoviBots: bot@xovi.net \u2013 wir versuchen, Ihnen so schnell wie m\u00f6glich zu antworten.<\/strong><\/p>\n<\/div>\n<div style=\"height:100%; width:47%; float:right; vertical-align:top;\"><img decoding=\"async\" src=\"http:\/\/www.xovibot.net\/wp-content\/uploads\/2013\/12\/gb.png\" alt=\"english\" style=\"margin-bottom:4px;\" \/><br \/>\n<strong>Here are some of the frequently asked questions about XoviBot<\/strong><\/p>\n<h2>Does XoviBot take care of my robots.txt file?<\/h2>\n<p style=\"margin-top:-10px; margin-bottom:-4px;\">XoviBot adheres to the robots.txt standard. If you want the bot to prevent your website from being crawled then add the following to your robots.txt:<\/p>\n<blockquote style=\"margin-bottom:-4px;\"><p>User-agent: XoviBot<br \/>\nDisallow: \/<\/p><\/blockquote>\n<p>If you have reason to believe that XoviBot did not obey your robots.txt commands, then please let us know.<br \/>\nProbably reasons could be e.g. the robots.txt file is stored outside your domains root-directory, multiple domains running on the same server.<\/p>\n<h2>How can I slow down XoviBot?<\/h2>\n<p style=\"margin-top:-10px; margin-bottom:-4px;\">You can slow down the bot up to 20 seconds delay between requests to your site by adding the following to your robots.txt file:<\/p>\n<blockquote style=\"margin-bottom:-4px;\"><p>User-Agent: XoviBot<br \/>\nCrawl-Delay: 5<\/p><\/blockquote>\n<p>Crawl-Delay should be an integer number and it signifies the number of seconds of wait between requests. It is unlikely, but still possible your site may have been crawled from multiple XoviBots at the same time. Making high Crawl-Delay should minimise impact on your site. This Crawl-Delay parameter will also be active if it was used for * wildcard.<\/p>\n<p><strong>Do you have further questions? Here is our Email-Address for all questions about XoviBot: bot@xovi.net<\/strong><\/p>\n<\/div>\n","protected":false},"excerpt":{"rendered":"<p>Hier finden Sie einige der am h\u00e4ufigsten gestellten Fragen zum XoviBot Beachtet der XoviBot den Inhalt meiner Datei robots.txt? Selbstverst\u00e4ndlich h\u00e4lt sich der XoviBot an den robots.txt Standard und beachtet dabei die Eintr\u00e4ge in der Datei robots.txt. Wenn Sie den XoviBot blockieren wollen, nutzen Sie bitte folgenden Eintrag in der robots.txt: User-agent: XoviBot Disallow: \/ [&hellip;]<\/p>\n","protected":false},"author":3,"featured_media":0,"parent":0,"menu_order":0,"comment_status":"closed","ping_status":"closed","template":"page-templates\/full-width.php","meta":{"footnotes":""},"class_list":["post-4","page","type-page","status-publish","hentry"],"_links":{"self":[{"href":"https:\/\/www.xovibot.net\/index.php?rest_route=\/wp\/v2\/pages\/4","targetHints":{"allow":["GET"]}}],"collection":[{"href":"https:\/\/www.xovibot.net\/index.php?rest_route=\/wp\/v2\/pages"}],"about":[{"href":"https:\/\/www.xovibot.net\/index.php?rest_route=\/wp\/v2\/types\/page"}],"author":[{"embeddable":true,"href":"https:\/\/www.xovibot.net\/index.php?rest_route=\/wp\/v2\/users\/3"}],"replies":[{"embeddable":true,"href":"https:\/\/www.xovibot.net\/index.php?rest_route=%2Fwp%2Fv2%2Fcomments&post=4"}],"version-history":[{"count":85,"href":"https:\/\/www.xovibot.net\/index.php?rest_route=\/wp\/v2\/pages\/4\/revisions"}],"predecessor-version":[{"id":95,"href":"https:\/\/www.xovibot.net\/index.php?rest_route=\/wp\/v2\/pages\/4\/revisions\/95"}],"wp:attachment":[{"href":"https:\/\/www.xovibot.net\/index.php?rest_route=%2Fwp%2Fv2%2Fmedia&parent=4"}],"curies":[{"name":"wp","href":"https:\/\/api.w.org\/{rel}","templated":true}]}}